{"id":31228,"date":"2025-07-21T12:21:54","date_gmt":"2025-07-21T10:21:54","guid":{"rendered":"https:\/\/serene.pl\/?page_id=31228"},"modified":"2025-08-03T14:18:19","modified_gmt":"2025-08-03T12:18:19","slug":"reviews","status":"publish","type":"page","link":"https:\/\/serene.pl\/en\/reviews\/","title":{"rendered":"Reviews"},"content":{"rendered":"\t\t<div data-elementor-type=\"wp-page\" data-elementor-id=\"31228\" class=\"elementor elementor-31228 elementor-29213\" data-elementor-post-type=\"page\">\n\t\t\t\t<div class=\"wd-negative-gap elementor-element elementor-element-1d4f3e7 wd-section-stretch e-flex e-con-boxed e-con e-parent\" data-id=\"1d4f3e7\" data-element_type=\"container\" data-settings=\"{&quot;background_background&quot;:&quot;classic&quot;}\">\n\t\t\t\t\t<div class=\"e-con-inner\">\n\t\t<div class=\"elementor-element elementor-element-e704c1b e-con-full e-flex e-con e-child\" data-id=\"e704c1b\" data-element_type=\"container\" data-settings=\"{&quot;background_background&quot;:&quot;classic&quot;}\">\n\t\t<div class=\"elementor-element elementor-element-dcebc23 e-con-full e-flex e-con e-child\" data-id=\"dcebc23\" data-element_type=\"container\">\n\t\t\t\t<div class=\"elementor-element elementor-element-e8e937a wd-width-100 elementor-invisible elementor-widget elementor-widget-wd_title\" data-id=\"e8e937a\" data-element_type=\"widget\" data-settings=\"{&quot;_animation&quot;:&quot;fadeInUp&quot;,&quot;_animation_delay&quot;:150}\" data-widget_type=\"wd_title.default\">\n\t\t\t\t<div class=\"elementor-widget-container\">\n\t\t\t\t\t\t\t<div class=\"title-wrapper wd-set-mb reset-last-child wd-title-color-primary wd-title-style-default wd-title-size-default text-center\">\n\n\t\t\t\n\t\t\t<div class=\"liner-continer\">\n\t\t\t\t<h4 class=\"woodmart-title-container title wd-fontsize-l\">What our customers say about us<\/h4> \n\t\t\t\t\t\t\t<\/div>\n\n\t\t\t\t\t<\/div>\n\t\t\t\t\t\t<\/div>\n\t\t\t\t<\/div>\n\t\t\t\t<div class=\"elementor-element elementor-element-e6f00ba elementor-invisible elementor-widget elementor-widget-wd_testimonials\" data-id=\"e6f00ba\" data-element_type=\"widget\" data-settings=\"{&quot;_animation&quot;:&quot;fadeInUp&quot;,&quot;_animation_delay&quot;:150}\" data-widget_type=\"wd_testimonials.default\">\n\t\t\t\t<div class=\"elementor-widget-container\">\n\t\t\t\t\t\t\t<div class=\"testimonials testimon-style-standard  color-scheme- testimon-with-rating testimon-align-center wd-carousel-container\" id=\"carousel-4446\">\n\t\t\t\t\t\t\t<div class=\"wd-carousel-inner\">\n\t\t\t\n\t\t\t<div class=\"wd-carousel wd-grid\" data-speed=\"5000\" data-wrap=\"yes\" data-autoplay=\"yes\" data-scroll_per_page=\"yes\" style=\"--wd-col-lg:1;--wd-col-md:1;--wd-col-sm:1;--wd-gap-lg:30px;--wd-gap-sm:10px;\">\n\t\t\t\t\t\t\t\t\t<div class=\"wd-carousel-wrap\">\n\t\t\t\t\n\t\t\t\t\t\t\t\t\t\n<div class=\"testimonial wd-carousel-item\">\n\t<div class=\"testimonial-inner\">\n\t\t\t\t\t<div class=\"testimonial-avatar\">\n\t\t\t\t<img decoding=\"async\" width=\"100\" height=\"100\" src=\"https:\/\/serene.pl\/wp-content\/uploads\/2025\/07\/example-review-img-1-100x100.webp\" class=\"testimonial-avatar-image\" alt=\"\" srcset=\"https:\/\/serene.pl\/wp-content\/uploads\/2025\/07\/example-review-img-1-100x100.webp 100w, https:\/\/serene.pl\/wp-content\/uploads\/2025\/07\/example-review-img-1-150x150.webp 150w, https:\/\/serene.pl\/wp-content\/uploads\/2025\/07\/example-review-img-1.webp 300w\" sizes=\"(max-width: 100px) 100vw, 100px\" \/>\t\t\t<\/div>\n\t\t\n\t\t<div class=\"testimonial-content\">\n\t\t\t<div class=\"testimonial-rating\">\n\t\t\t\t<span class=\"star-rating\">\n\t\t\t\t\t<span style=\"width:100%\"><\/span>\n\t\t\t\t<\/span>\n\t\t\t<\/div>\n\n\t\t\t<p>DIAPHANOUS VEIL \u2013 Przezroczysty welon to prawdziwe odkrycie w mojej codziennej piel\u0119gnacji! Szuka\u0142am antyperspirantu, kt\u00f3ry nie tylko chroni przed potem, ale te\u017c dba o delikatn\u0105 sk\u00f3r\u0119 pod pachami \u2013 i ten produkt spe\u0142ni\u0142 wszystkie oczekiwania. Ju\u017c po kilku dniach zauwa\u017cy\u0142am, \u017ce sk\u00f3ra jest bardziej nawil\u017cona, a drobne przebarwienia zacz\u0119\u0142y si\u0119 rozja\u015bnia\u0107. Formu\u0142a jest lekka, szybko si\u0119 wch\u0142ania i nie zostawia \u015blad\u00f3w. Bardzo podoba mi si\u0119 te\u017c to, \u017ce dzia\u0142a przeciwstarzeniowo \u2013 czuj\u0119, \u017ce moja sk\u00f3ra jest zadbana i wygl\u0105da zdrowo. Zdecydowanie polecam!<\/p>\n\t\t\t<footer>\n\t\t\t\tGabriela W.\n\t\t\t\t\t\t\t\t\t<span>\n\t\t\t\t\t\tZadowolona klientka\t\t\t\t\t<\/span>\n\t\t\t\t\t\t\t<\/footer>\n\t\t<\/div>\n\t<\/div>\n<\/div>\t\t\t\t\t\t\t\t\t\n<div class=\"testimonial wd-carousel-item\">\n\t<div class=\"testimonial-inner\">\n\t\t\t\t\t<div class=\"testimonial-avatar\">\n\t\t\t\t<img decoding=\"async\" width=\"100\" height=\"100\" src=\"https:\/\/serene.pl\/wp-content\/uploads\/2025\/07\/example-review-img-2-100x100.webp\" class=\"testimonial-avatar-image\" alt=\"\" srcset=\"https:\/\/serene.pl\/wp-content\/uploads\/2025\/07\/example-review-img-2-100x100.webp 100w, https:\/\/serene.pl\/wp-content\/uploads\/2025\/07\/example-review-img-2-150x150.webp 150w, https:\/\/serene.pl\/wp-content\/uploads\/2025\/07\/example-review-img-2.webp 300w\" sizes=\"(max-width: 100px) 100vw, 100px\" \/>\t\t\t<\/div>\n\t\t\n\t\t<div class=\"testimonial-content\">\n\t\t\t<div class=\"testimonial-rating\">\n\t\t\t\t<span class=\"star-rating\">\n\t\t\t\t\t<span style=\"width:100%\"><\/span>\n\t\t\t\t<\/span>\n\t\t\t<\/div>\n\n\t\t\t<p>Jestem bardzo pozytywnie zaskoczona dzia\u0142aniem produktu WHITE PEARL. To nie jest zwyk\u0142y antyperspirant \u2013 poza skuteczn\u0105 ochron\u0105 przed potem, naprawd\u0119 poprawia wygl\u0105d sk\u00f3ry pod pachami. Zauwa\u017cy\u0142am, \u017ce przebarwienia zacz\u0119\u0142y si\u0119 rozja\u015bnia\u0107, a sk\u00f3ra wygl\u0105da zdrowiej i bardziej jednolicie. Plus za naturalne sk\u0142adniki jak lukrecja i olejek eukaliptusowy \u2013 pachnie \u015bwie\u017co i czysto. Produkt nie brudzi ubra\u0144 i szybko si\u0119 wch\u0142ania, wi\u0119c sprawdza si\u0119 idealnie na co dzie\u0144. Zdecydowanie zostaje ze mn\u0105 na d\u0142u\u017cej!<\/p>\n\t\t\t<footer>\n\t\t\t\tAnna B.\n\t\t\t\t\t\t\t\t\t<span>\n\t\t\t\t\t\tZadowolona klientka\t\t\t\t\t<\/span>\n\t\t\t\t\t\t\t<\/footer>\n\t\t<\/div>\n\t<\/div>\n<\/div>\t\t\t\t\t\t\t\t\t\n<div class=\"testimonial wd-carousel-item\">\n\t<div class=\"testimonial-inner\">\n\t\t\t\t\t<div class=\"testimonial-avatar\">\n\t\t\t\t<img decoding=\"async\" width=\"100\" height=\"100\" src=\"https:\/\/serene.pl\/wp-content\/uploads\/2025\/07\/example-review-img-3-100x100.webp\" class=\"testimonial-avatar-image\" alt=\"\" srcset=\"https:\/\/serene.pl\/wp-content\/uploads\/2025\/07\/example-review-img-3-100x100.webp 100w, https:\/\/serene.pl\/wp-content\/uploads\/2025\/07\/example-review-img-3-150x150.webp 150w, https:\/\/serene.pl\/wp-content\/uploads\/2025\/07\/example-review-img-3.webp 300w\" sizes=\"(max-width: 100px) 100vw, 100px\" \/>\t\t\t<\/div>\n\t\t\n\t\t<div class=\"testimonial-content\">\n\t\t\t<div class=\"testimonial-rating\">\n\t\t\t\t<span class=\"star-rating\">\n\t\t\t\t\t<span style=\"width:100%\"><\/span>\n\t\t\t\t<\/span>\n\t\t\t<\/div>\n\n\t\t\t<p>Bia\u0142a Per\u0142a to absolutny hit w mojej codziennej piel\u0119gnacji! Antyperspirant nie tylko skutecznie chroni przed potem i nieprzyjemnym zapachem przez ca\u0142y dzie\u0144, ale te\u017c naprawd\u0119 poprawia wygl\u0105d sk\u00f3ry pod pachami. Po kilku dniach zauwa\u017cy\u0142am, \u017ce koloryt sk\u00f3ry sta\u0142 si\u0119 bardziej wyr\u00f3wnany i ja\u015bniejszy. \u015awie\u017cy zapach limonki i mi\u0119ty jest bardzo przyjemny i d\u0142ugo si\u0119 utrzymuje. Szybko si\u0119 wch\u0142ania i nie zostawia \u017cadnych \u015blad\u00f3w na ubraniach. Dla mnie \u2013 po\u0142\u0105czenie piel\u0119gnacji i skutecznej ochrony w jednym. Polecam z ca\u0142ego serca!<\/p>\n\t\t\t<footer>\n\t\t\t\tSara K.\n\t\t\t\t\t\t\t\t\t<span>\n\t\t\t\t\t\tZadowolona klientka\t\t\t\t\t<\/span>\n\t\t\t\t\t\t\t<\/footer>\n\t\t<\/div>\n\t<\/div>\n<\/div>\t\t\t\t\n\t\t\t\t\t\t\t\t\t<\/div>\n\t\t\t\t\t\t\t<\/div>\n\t\t\t\t\t\t\t\t\t\t\t\t\t\t<div class=\"wd-nav-arrows wd-pos-sep wd-hover-1 wd-icon-1\">\n\t\t\t<div class=\"wd-btn-arrow wd-prev wd-disabled\">\n\t\t\t\t<div class=\"wd-arrow-inner\"><\/div>\n\t\t\t<\/div>\n\t\t\t<div class=\"wd-btn-arrow wd-next\">\n\t\t\t\t<div class=\"wd-arrow-inner\"><\/div>\n\t\t\t<\/div>\n\t\t<\/div>\n\t\t\t\t\t\t\n\t\t\t\t<\/div>\n\n\t\t\t\t\t\t\t\t\t\t\t\t\t<\/div>\n\t\t\t\t\t\t<\/div>\n\t\t\t\t<\/div>\n\t\t\t\t<\/div>\n\t\t\t\t<\/div>\n\t\t\t\t\t<\/div>\n\t\t\t\t<\/div>\n\t\t<div class=\"elementor-element elementor-element-bcd17ab e-flex e-con-boxed e-con e-parent\" data-id=\"bcd17ab\" data-element_type=\"container\">\n\t\t\t\t\t<div class=\"e-con-inner\">\n\t\t\t\t<div class=\"elementor-element elementor-element-7b60dee elementor-invisible elementor-widget elementor-widget-heading\" data-id=\"7b60dee\" data-element_type=\"widget\" data-settings=\"{&quot;_animation&quot;:&quot;fadeInUp&quot;,&quot;_animation_delay&quot;:150}\" data-widget_type=\"heading.default\">\n\t\t\t\t\t<h2 class=\"elementor-heading-title elementor-size-default\">Send us your review!<\/h2>\t\t\t\t<\/div>\n\t\t\t\t<div class=\"elementor-element elementor-element-7327987 wd-cf7 elementor-invisible elementor-widget elementor-widget-wd_contact_form_7\" data-id=\"7327987\" data-element_type=\"widget\" data-settings=\"{&quot;_animation&quot;:&quot;fadeIn&quot;,&quot;_animation_delay&quot;:150}\" data-widget_type=\"wd_contact_form_7.default\">\n\t\t\t\t<div class=\"elementor-widget-container\">\n\t\t\t\t\t\n<div class=\"wpcf7 no-js\" id=\"wpcf7-f31608-o1\" lang=\"pl-PL\" dir=\"ltr\" data-wpcf7-id=\"31608\">\n<div class=\"screen-reader-response\"><p role=\"status\" aria-live=\"polite\" aria-atomic=\"true\"><\/p> <ul><\/ul><\/div>\n<form action=\"\/en\/wp-json\/wp\/v2\/pages\/31228#wpcf7-f31608-o1\" method=\"post\" class=\"wpcf7-form init wpcf7-acceptance-as-validation\" aria-label=\"Formularz kontaktowy\" novalidate=\"novalidate\" data-status=\"init\">\n<fieldset class=\"hidden-fields-container\"><input type=\"hidden\" name=\"_wpcf7\" value=\"31608\" \/><input type=\"hidden\" name=\"_wpcf7_version\" value=\"6.1.1\" \/><input type=\"hidden\" name=\"_wpcf7_locale\" value=\"pl_PL\" \/><input type=\"hidden\" name=\"_wpcf7_unit_tag\" value=\"wpcf7-f31608-o1\" \/><input type=\"hidden\" name=\"_wpcf7_container_post\" value=\"0\" \/><input type=\"hidden\" name=\"_wpcf7_posted_data_hash\" value=\"\" \/><input type=\"hidden\" name=\"_wpcf7_recaptcha_response\" value=\"\" \/>\n<\/fieldset>\n<div class=\"wd-grid-g\">\n\t<div class=\"wd-grid-f-stretch\">\n\t\t<div class=\"wd-col\">\n\t\t\t<p><label>Full Name *<\/label><span class=\"wpcf7-form-control-wrap\" data-name=\"name-field\"><input size=\"40\" maxlength=\"400\" class=\"wpcf7-form-control wpcf7-text wpcf7-validates-as-required\" aria-required=\"true\" aria-invalid=\"false\" placeholder=\"Enter your full name\" value=\"\" type=\"text\" name=\"name-field\" \/><\/span>\n\t\t\t<\/p>\n\t\t<\/div>\n\t\t<div class=\"wd-col\">\n\t\t\t<p><label>E-mail *<\/label><span class=\"wpcf7-form-control-wrap\" data-name=\"email-field\"><input size=\"40\" maxlength=\"400\" class=\"wpcf7-form-control wpcf7-email wpcf7-validates-as-required wpcf7-text wpcf7-validates-as-email\" aria-required=\"true\" aria-invalid=\"false\" placeholder=\"Enter your email address\" value=\"\" type=\"email\" name=\"email-field\" \/><\/span>\n\t\t\t<\/p>\n\t\t<\/div>\n\t<\/div>\n\t<div class=\"wd-grid-f-stretch\">\n\t\t<div class=\"wd-col\">\n\t\t\t<p><label>Your rating *<\/label><div target_pos=\"review-stars-field\" class=\"star_rating_class\" score=\"5\"><\/div><span  class=\"wpcf7-form-control-wrap review-stars-field\" data-name=\"review-stars-field\"><input type=\"hidden\" name=\"review-stars-field\" class=\"custom_radio_class review-stars-field\" value=\"\"\/><\/span>\n\t\t\t<\/p>\n\t\t<\/div>\n\t<\/div>\n\t<div>\n\t\t<p><label>Your review *<\/label><span class=\"wpcf7-form-control-wrap\" data-name=\"review-content-field\"><textarea cols=\"40\" rows=\"10\" maxlength=\"2000\" class=\"wpcf7-form-control wpcf7-textarea wpcf7-validates-as-required\" aria-required=\"true\" aria-invalid=\"false\" placeholder=\"Enter your review\" name=\"review-content-field\"><\/textarea><\/span>\n\t\t<\/p>\n\t<\/div>\n\t<div>\n\t\t<p><span class=\"wpcf7-form-control-wrap\" data-name=\"acceptance-privacy-policy\"><span class=\"wpcf7-form-control wpcf7-acceptance\"><span class=\"wpcf7-list-item\"><label><input type=\"checkbox\" name=\"acceptance-privacy-policy\" value=\"1\" aria-invalid=\"false\" \/><span class=\"wpcf7-list-item-label\">I agree to the processing of my personal data and accept the <a href=\"\/en\/privacy-policy\/\" target=\"_blank\">Privacy Policy<\/a> *<\/span><\/label><\/span><\/span><\/span>\n\t\t<\/p>\n\t<\/div>\n<span class=\"wpcf7-form-control-wrap recaptcha\" data-name=\"recaptcha\"><span data-sitekey=\"6LcRSJIrAAAAAFu68JW5PIZOr8WV1uwYdTJ80Fgt\" class=\"wpcf7-form-control wpcf7-recaptcha g-recaptcha\"><\/span>\r\n<noscript>\r\n\t<div class=\"grecaptcha-noscript\">\r\n\t\t<iframe src=\"https:\/\/www.google.com\/recaptcha\/api\/fallback?k=6LcRSJIrAAAAAFu68JW5PIZOr8WV1uwYdTJ80Fgt\" frameborder=\"0\" scrolling=\"no\" width=\"310\" height=\"430\">\r\n\t\t<\/iframe>\r\n\t\t<textarea name=\"g-recaptcha-response\" rows=\"3\" cols=\"40\" placeholder=\"reCaptcha Response Here\">\r\n\t\t<\/textarea>\r\n\t<\/div>\r\n<\/noscript>\r\n<\/span>\n\t<div>\n\t\t<p><input class=\"wpcf7-form-control wpcf7-submit has-spinner btn-color-black\" type=\"submit\" value=\"Send review\" \/>\n\t\t<\/p>\n\t<\/div>\n<\/div><div class=\"wpcf7-response-output\" aria-hidden=\"true\"><\/div>\n<\/form>\n<\/div>\n\t\t\t\t<\/div>\n\t\t\t\t<\/div>\n\t\t\t\t\t<\/div>\n\t\t\t\t<\/div>\n\t\t\t\t<\/div>\n\t\t","protected":false},"excerpt":{"rendered":"<p>What our customers say about us DIAPHANOUS VEIL \u2013 Przezroczysty welon to prawdziwe odkrycie w mojej codziennej piel\u0119gnacji! Szuka\u0142am antyperspirantu,<\/p>\n","protected":false},"author":1,"featured_media":0,"parent":0,"menu_order":0,"comment_status":"closed","ping_status":"closed","template":"","meta":{"footnotes":""},"class_list":["post-31228","page","type-page","status-publish","hentry"],"yoast_head":"<!-- This site is optimized with the Yoast SEO plugin v25.7 - https:\/\/yoast.com\/wordpress\/plugins\/seo\/ -->\n<title>Reviews - SERENE COSMETICS<\/title>\n<meta name=\"description\" content=\"The SERENE COSMETICS brand was created to offer an escape from the hectic pace of everyday life and the chaos that drains our energy each day.\" \/>\n<meta name=\"robots\" content=\"index, follow, max-snippet:-1, max-image-preview:large, max-video-preview:-1\" \/>\n<link rel=\"canonical\" href=\"https:\/\/serene.pl\/en\/reviews\/\" \/>\n<meta property=\"og:locale\" content=\"en_US\" \/>\n<meta property=\"og:type\" content=\"article\" \/>\n<meta property=\"og:title\" content=\"Reviews - SERENE COSMETICS\" \/>\n<meta property=\"og:description\" content=\"The SERENE COSMETICS brand was created to offer an escape from the hectic pace of everyday life and the chaos that drains our energy each day.\" \/>\n<meta property=\"og:url\" content=\"https:\/\/serene.pl\/en\/reviews\/\" \/>\n<meta property=\"og:site_name\" content=\"SERENE COSMETICS\" \/>\n<meta property=\"article:modified_time\" content=\"2025-08-03T12:18:19+00:00\" \/>\n<meta property=\"og:image\" content=\"https:\/\/serene.pl\/wp-content\/uploads\/2025\/07\/example-review-img-1-100x100.webp\" \/>\n<meta name=\"twitter:card\" content=\"summary_large_image\" \/>\n<meta name=\"twitter:label1\" content=\"Est. reading time\" \/>\n\t<meta name=\"twitter:data1\" content=\"2 minutes\" \/>\n<script type=\"application\/ld+json\" class=\"yoast-schema-graph\">{\"@context\":\"https:\/\/schema.org\",\"@graph\":[{\"@type\":\"WebPage\",\"@id\":\"https:\/\/serene.pl\/en\/reviews\/\",\"url\":\"https:\/\/serene.pl\/en\/reviews\/\",\"name\":\"Reviews - SERENE COSMETICS\",\"isPartOf\":{\"@id\":\"https:\/\/serene.pl\/#website\"},\"primaryImageOfPage\":{\"@id\":\"https:\/\/serene.pl\/en\/reviews\/#primaryimage\"},\"image\":{\"@id\":\"https:\/\/serene.pl\/en\/reviews\/#primaryimage\"},\"thumbnailUrl\":\"https:\/\/serene.pl\/wp-content\/uploads\/2025\/07\/example-review-img-1-100x100.webp\",\"datePublished\":\"2025-07-21T10:21:54+00:00\",\"dateModified\":\"2025-08-03T12:18:19+00:00\",\"description\":\"The SERENE COSMETICS brand was created to offer an escape from the hectic pace of everyday life and the chaos that drains our energy each day.\",\"breadcrumb\":{\"@id\":\"https:\/\/serene.pl\/en\/reviews\/#breadcrumb\"},\"inLanguage\":\"en-US\",\"potentialAction\":[{\"@type\":\"ReadAction\",\"target\":[\"https:\/\/serene.pl\/en\/reviews\/\"]}]},{\"@type\":\"ImageObject\",\"inLanguage\":\"en-US\",\"@id\":\"https:\/\/serene.pl\/en\/reviews\/#primaryimage\",\"url\":\"https:\/\/serene.pl\/wp-content\/uploads\/2025\/07\/example-review-img-1-100x100.webp\",\"contentUrl\":\"https:\/\/serene.pl\/wp-content\/uploads\/2025\/07\/example-review-img-1-100x100.webp\"},{\"@type\":\"BreadcrumbList\",\"@id\":\"https:\/\/serene.pl\/en\/reviews\/#breadcrumb\",\"itemListElement\":[{\"@type\":\"ListItem\",\"position\":1,\"name\":\"Strona g\u0142\u00f3wna\",\"item\":\"https:\/\/serene.pl\/\"},{\"@type\":\"ListItem\",\"position\":2,\"name\":\"Reviews\"}]},{\"@type\":\"WebSite\",\"@id\":\"https:\/\/serene.pl\/#website\",\"url\":\"https:\/\/serene.pl\/\",\"name\":\"SERENE COSMETICS\",\"description\":\"Better than favourite\",\"publisher\":{\"@id\":\"https:\/\/serene.pl\/#organization\"},\"potentialAction\":[{\"@type\":\"SearchAction\",\"target\":{\"@type\":\"EntryPoint\",\"urlTemplate\":\"https:\/\/serene.pl\/?s={search_term_string}\"},\"query-input\":{\"@type\":\"PropertyValueSpecification\",\"valueRequired\":true,\"valueName\":\"search_term_string\"}}],\"inLanguage\":\"en-US\"},{\"@type\":\"Organization\",\"@id\":\"https:\/\/serene.pl\/#organization\",\"name\":\"SERENE COSMETICS\",\"alternateName\":\"SERENE\",\"url\":\"https:\/\/serene.pl\/\",\"logo\":{\"@type\":\"ImageObject\",\"inLanguage\":\"en-US\",\"@id\":\"https:\/\/serene.pl\/#\/schema\/logo\/image\/\",\"url\":\"https:\/\/serene.pl\/wp-content\/uploads\/2025\/08\/serene-logo-black-bg-v1.jpg\",\"contentUrl\":\"https:\/\/serene.pl\/wp-content\/uploads\/2025\/08\/serene-logo-black-bg-v1.jpg\",\"width\":696,\"height\":696,\"caption\":\"SERENE COSMETICS\"},\"image\":{\"@id\":\"https:\/\/serene.pl\/#\/schema\/logo\/image\/\"},\"sameAs\":[\"https:\/\/www.instagram.com\/serene.pl\",\"https:\/\/www.tiktok.com\/@serene.pl\"]}]}<\/script>\n<!-- \/ Yoast SEO plugin. -->","yoast_head_json":{"title":"Reviews - SERENE COSMETICS","description":"The SERENE COSMETICS brand was created to offer an escape from the hectic pace of everyday life and the chaos that drains our energy each day.","robots":{"index":"index","follow":"follow","max-snippet":"max-snippet:-1","max-image-preview":"max-image-preview:large","max-video-preview":"max-video-preview:-1"},"canonical":"https:\/\/serene.pl\/en\/reviews\/","og_locale":"en_US","og_type":"article","og_title":"Reviews - SERENE COSMETICS","og_description":"The SERENE COSMETICS brand was created to offer an escape from the hectic pace of everyday life and the chaos that drains our energy each day.","og_url":"https:\/\/serene.pl\/en\/reviews\/","og_site_name":"SERENE COSMETICS","article_modified_time":"2025-08-03T12:18:19+00:00","og_image":[{"url":"https:\/\/serene.pl\/wp-content\/uploads\/2025\/07\/example-review-img-1-100x100.webp","type":"","width":"","height":""}],"twitter_card":"summary_large_image","twitter_misc":{"Est. reading time":"2 minutes"},"schema":{"@context":"https:\/\/schema.org","@graph":[{"@type":"WebPage","@id":"https:\/\/serene.pl\/en\/reviews\/","url":"https:\/\/serene.pl\/en\/reviews\/","name":"Reviews - SERENE COSMETICS","isPartOf":{"@id":"https:\/\/serene.pl\/#website"},"primaryImageOfPage":{"@id":"https:\/\/serene.pl\/en\/reviews\/#primaryimage"},"image":{"@id":"https:\/\/serene.pl\/en\/reviews\/#primaryimage"},"thumbnailUrl":"https:\/\/serene.pl\/wp-content\/uploads\/2025\/07\/example-review-img-1-100x100.webp","datePublished":"2025-07-21T10:21:54+00:00","dateModified":"2025-08-03T12:18:19+00:00","description":"The SERENE COSMETICS brand was created to offer an escape from the hectic pace of everyday life and the chaos that drains our energy each day.","breadcrumb":{"@id":"https:\/\/serene.pl\/en\/reviews\/#breadcrumb"},"inLanguage":"en-US","potentialAction":[{"@type":"ReadAction","target":["https:\/\/serene.pl\/en\/reviews\/"]}]},{"@type":"ImageObject","inLanguage":"en-US","@id":"https:\/\/serene.pl\/en\/reviews\/#primaryimage","url":"https:\/\/serene.pl\/wp-content\/uploads\/2025\/07\/example-review-img-1-100x100.webp","contentUrl":"https:\/\/serene.pl\/wp-content\/uploads\/2025\/07\/example-review-img-1-100x100.webp"},{"@type":"BreadcrumbList","@id":"https:\/\/serene.pl\/en\/reviews\/#breadcrumb","itemListElement":[{"@type":"ListItem","position":1,"name":"Strona g\u0142\u00f3wna","item":"https:\/\/serene.pl\/"},{"@type":"ListItem","position":2,"name":"Reviews"}]},{"@type":"WebSite","@id":"https:\/\/serene.pl\/#website","url":"https:\/\/serene.pl\/","name":"SERENE COSMETICS","description":"Better than favourite","publisher":{"@id":"https:\/\/serene.pl\/#organization"},"potentialAction":[{"@type":"SearchAction","target":{"@type":"EntryPoint","urlTemplate":"https:\/\/serene.pl\/?s={search_term_string}"},"query-input":{"@type":"PropertyValueSpecification","valueRequired":true,"valueName":"search_term_string"}}],"inLanguage":"en-US"},{"@type":"Organization","@id":"https:\/\/serene.pl\/#organization","name":"SERENE COSMETICS","alternateName":"SERENE","url":"https:\/\/serene.pl\/","logo":{"@type":"ImageObject","inLanguage":"en-US","@id":"https:\/\/serene.pl\/#\/schema\/logo\/image\/","url":"https:\/\/serene.pl\/wp-content\/uploads\/2025\/08\/serene-logo-black-bg-v1.jpg","contentUrl":"https:\/\/serene.pl\/wp-content\/uploads\/2025\/08\/serene-logo-black-bg-v1.jpg","width":696,"height":696,"caption":"SERENE COSMETICS"},"image":{"@id":"https:\/\/serene.pl\/#\/schema\/logo\/image\/"},"sameAs":["https:\/\/www.instagram.com\/serene.pl","https:\/\/www.tiktok.com\/@serene.pl"]}]}},"_links":{"self":[{"href":"https:\/\/serene.pl\/en\/wp-json\/wp\/v2\/pages\/31228","targetHints":{"allow":["GET"]}}],"collection":[{"href":"https:\/\/serene.pl\/en\/wp-json\/wp\/v2\/pages"}],"about":[{"href":"https:\/\/serene.pl\/en\/wp-json\/wp\/v2\/types\/page"}],"author":[{"embeddable":true,"href":"https:\/\/serene.pl\/en\/wp-json\/wp\/v2\/users\/1"}],"replies":[{"embeddable":true,"href":"https:\/\/serene.pl\/en\/wp-json\/wp\/v2\/comments?post=31228"}],"version-history":[{"count":0,"href":"https:\/\/serene.pl\/en\/wp-json\/wp\/v2\/pages\/31228\/revisions"}],"wp:attachment":[{"href":"https:\/\/serene.pl\/en\/wp-json\/wp\/v2\/media?parent=31228"}],"curies":[{"name":"wp","href":"https:\/\/api.w.org\/{rel}","templated":true}]}}